{"id":143,"date":"2017-10-15T22:02:01","date_gmt":"2017-10-15T20:02:01","guid":{"rendered":"http:\/\/wood-run.tv\/?page_id=143"},"modified":"2017-10-19T15:27:01","modified_gmt":"2017-10-19T13:27:01","slug":"relaxen-mit-wood-run-tv","status":"publish","type":"page","link":"https:\/\/wood-run.tv\/index.php\/relaxen-mit-wood-run-tv\/","title":{"rendered":"Relaxen mit Wood Run TV"},"content":{"rendered":"<p>Ein Spaziergang im Wald ist Balsam f\u00fcr K\u00f6rper und Seele.<br \/>\nWood Run Tv nimmt Sie mit in die Natur, ganz entspannt. Genie\u00dfen Sie das satte Gr\u00fcn, die Vogelges\u00e4nge, das Rauschen der B\u00e4ume und das Knistern der Bl\u00e4tter unter den F\u00fcssen.<\/p>\n<p>Wood Run Tv bietet f\u00fcr alle Naturliebhaber, Waldl\u00e4ufer und Baumumarmer sowie f\u00fcr all diejenigen die es gerne werden wollen, Videos zum Entspannen. Kurz, Waldrelaxing.<br \/>\nEs gibt Momente im Leben, da d\u00fcrfen die eigenen vier W\u00e4nde oder das Krankenbett nicht verlassen werden, mit Wood Run Tv spaziert man virtuell durchs Geh\u00f6lz und genie\u00dft die Natur.\u00a0<a href=\"https:\/\/www.youtube.com\/channel\/UCRQVwRoy3tICj7UqwrTd-GA?view_as=subscriber\" target=\"_blank\" rel=\"noopener\">zu den Videos<\/a><\/p>\n<p><img loading=\"lazy\" decoding=\"async\" class=\"alignnone wp-image-148\" src=\"http:\/\/wood-run.tv\/wp-content\/uploads\/2017\/10\/WOODFOOT-TV-Run-relaxing-1024x214.jpg\" alt=\"WOOD RUN TV Relaxing\" width=\"915\" height=\"203\" \/><\/p>\n<p><img loading=\"lazy\" decoding=\"async\" class=\"alignnone size-large wp-image-184\" src=\"http:\/\/wood-run.tv\/wp-content\/uploads\/2017\/10\/WOODFOOT-TV-Run-relaxed-1024x668.jpg\" alt=\"WOOD RUN TV Relaxing\" width=\"640\" height=\"418\" srcset=\"https:\/\/wood-run.tv\/wp-content\/uploads\/2017\/10\/WOODFOOT-TV-Run-relaxed-1024x668.jpg 1024w, https:\/\/wood-run.tv\/wp-content\/uploads\/2017\/10\/WOODFOOT-TV-Run-relaxed-300x196.jpg 300w, https:\/\/wood-run.tv\/wp-content\/uploads\/2017\/10\/WOODFOOT-TV-Run-relaxed-768x501.jpg 768w, https:\/\/wood-run.tv\/wp-content\/uploads\/2017\/10\/WOODFOOT-TV-Run-relaxed.jpg 1397w\" sizes=\"auto, (max-width: 640px) 100vw, 640px\" \/><\/p>\n","protected":false},"excerpt":{"rendered":"<p>Ein Spaziergang im Wald ist Balsam f\u00fcr K\u00f6rper und Seele. Wood Run Tv nimmt Sie mit in die Natur, ganz entspannt. Genie\u00dfen Sie das satte Gr\u00fcn, die Vogelges\u00e4nge, das Rauschen der B\u00e4ume und das Knistern der Bl\u00e4tter unter den F\u00fcssen. Wood Run Tv bietet f\u00fcr alle Naturliebhaber, Waldl\u00e4ufer und Baumumarmer sowie f\u00fcr all diejenigen die [&hellip;]<\/p>\n","protected":false},"author":1,"featured_media":0,"parent":0,"menu_order":0,"comment_status":"closed","ping_status":"closed","template":"","meta":{"footnotes":""},"class_list":["post-143","page","type-page","status-publish","hentry"],"_links":{"self":[{"href":"https:\/\/wood-run.tv\/index.php\/wp-json\/wp\/v2\/pages\/143","targetHints":{"allow":["GET"]}}],"collection":[{"href":"https:\/\/wood-run.tv\/index.php\/wp-json\/wp\/v2\/pages"}],"about":[{"href":"https:\/\/wood-run.tv\/index.php\/wp-json\/wp\/v2\/types\/page"}],"author":[{"embeddable":true,"href":"https:\/\/wood-run.tv\/index.php\/wp-json\/wp\/v2\/users\/1"}],"replies":[{"embeddable":true,"href":"https:\/\/wood-run.tv\/index.php\/wp-json\/wp\/v2\/comments?post=143"}],"version-history":[{"count":7,"href":"https:\/\/wood-run.tv\/index.php\/wp-json\/wp\/v2\/pages\/143\/revisions"}],"predecessor-version":[{"id":185,"href":"https:\/\/wood-run.tv\/index.php\/wp-json\/wp\/v2\/pages\/143\/revisions\/185"}],"wp:attachment":[{"href":"https:\/\/wood-run.tv\/index.php\/wp-json\/wp\/v2\/media?parent=143"}],"curies":[{"name":"wp","href":"https:\/\/api.w.org\/{rel}","templated":true}]}}