{"id":51,"date":"2017-08-01T23:07:06","date_gmt":"2017-08-01T21:07:06","guid":{"rendered":"http:\/\/wood-run.tv\/?page_id=51"},"modified":"2017-10-19T14:57:42","modified_gmt":"2017-10-19T12:57:42","slug":"virtual-run-tv","status":"publish","type":"page","link":"https:\/\/wood-run.tv\/index.php\/virtual-run-tv\/","title":{"rendered":"Virtuelles laufen mit Wood Run TV"},"content":{"rendered":"<p>Laufen auf dem Laufband kann manchmal richtig langweilig oder anstrengend sein. Versch\u00f6nere Deine Zeit und schaue Dir die Runningvideos von WOOD RUN TV an.<br \/>\nWOOD RUN TV nimmt dich mit in die Natur. Vorbei an saftig gr\u00fcnen Wiesen, pl\u00e4tschernden Seen und durch dichte Waldpfade. Im Hintergrund h\u00f6rst Du deine Musik oder l\u00e4ufst mit dem Klang der Natur.<\/p>\n<p>WOOD RUN TV ist nat\u00fcrlich nicht nur als Laufbandfilm gedacht, sondern auch f\u00fcr Menschen denen es nicht m\u00f6glich ist, z.B. auf Grund einer Krankheit (Rollstuhl, Wachkoma, MS&#8230;), sich im Wald aufzuhalten. WOOD RUN TV biete immer neue Runningvideos, der virtuelle Waldlauf, der virtuelle Run im Stil von Nordic walking oder auch der entspannte virtuelle Spaziergang in der Natur, werden als Video zu finden sein.<\/p>\n<p>Nutze WOOD RUN TV als Motivationsvideo oder Entspannungsvideo und genie\u00dfe Dein Tempo. <a href=\"https:\/\/www.youtube.com\/channel\/UCRQVwRoy3tICj7UqwrTd-GA?view_as=subscriber\" target=\"_blank\" rel=\"noopener\">zu den Videos<\/a><\/p>\n<p><img loading=\"lazy\" decoding=\"async\" class=\"alignleft wp-image-115 \" src=\"http:\/\/wood-run.tv\/wp-content\/uploads\/2017\/08\/IMG_0845-1024x221.jpg\" alt=\"wood run tv green trees\" width=\"668\" height=\"144\" srcset=\"https:\/\/wood-run.tv\/wp-content\/uploads\/2017\/08\/IMG_0845-1024x221.jpg 1024w, https:\/\/wood-run.tv\/wp-content\/uploads\/2017\/08\/IMG_0845-300x65.jpg 300w, https:\/\/wood-run.tv\/wp-content\/uploads\/2017\/08\/IMG_0845-768x166.jpg 768w\" sizes=\"auto, (max-width: 668px) 100vw, 668px\" \/><\/p>\n<p>&nbsp;<\/p>\n<p>&nbsp;<\/p>\n<p>&nbsp;<\/p>\n<p>&nbsp;<\/p>\n<p><img loading=\"lazy\" decoding=\"async\" class=\"alignnone size-large wp-image-175\" src=\"http:\/\/wood-run.tv\/wp-content\/uploads\/2017\/08\/WOODFOOT-TV-Sommer-Run-1024x576.jpg\" alt=\"WOOD-RUN-TV \" width=\"640\" height=\"360\" srcset=\"https:\/\/wood-run.tv\/wp-content\/uploads\/2017\/08\/WOODFOOT-TV-Sommer-Run-1024x576.jpg 1024w, https:\/\/wood-run.tv\/wp-content\/uploads\/2017\/08\/WOODFOOT-TV-Sommer-Run-300x169.jpg 300w, https:\/\/wood-run.tv\/wp-content\/uploads\/2017\/08\/WOODFOOT-TV-Sommer-Run-768x432.jpg 768w, https:\/\/wood-run.tv\/wp-content\/uploads\/2017\/08\/WOODFOOT-TV-Sommer-Run.jpg 2048w\" sizes=\"auto, (max-width: 640px) 100vw, 640px\" \/><\/p>\n","protected":false},"excerpt":{"rendered":"<p>Laufen auf dem Laufband kann manchmal richtig langweilig oder anstrengend sein. Versch\u00f6nere Deine Zeit und schaue Dir die Runningvideos von WOOD RUN TV an. WOOD RUN TV nimmt dich mit in die Natur. Vorbei an saftig gr\u00fcnen Wiesen, pl\u00e4tschernden Seen und durch dichte Waldpfade. Im Hintergrund h\u00f6rst Du deine Musik oder l\u00e4ufst mit dem Klang [&hellip;]<\/p>\n","protected":false},"author":1,"featured_media":115,"parent":0,"menu_order":0,"comment_status":"closed","ping_status":"closed","template":"","meta":{"footnotes":""},"class_list":["post-51","page","type-page","status-publish","has-post-thumbnail","hentry"],"_links":{"self":[{"href":"https:\/\/wood-run.tv\/index.php\/wp-json\/wp\/v2\/pages\/51","targetHints":{"allow":["GET"]}}],"collection":[{"href":"https:\/\/wood-run.tv\/index.php\/wp-json\/wp\/v2\/pages"}],"about":[{"href":"https:\/\/wood-run.tv\/index.php\/wp-json\/wp\/v2\/types\/page"}],"author":[{"embeddable":true,"href":"https:\/\/wood-run.tv\/index.php\/wp-json\/wp\/v2\/users\/1"}],"replies":[{"embeddable":true,"href":"https:\/\/wood-run.tv\/index.php\/wp-json\/wp\/v2\/comments?post=51"}],"version-history":[{"count":11,"href":"https:\/\/wood-run.tv\/index.php\/wp-json\/wp\/v2\/pages\/51\/revisions"}],"predecessor-version":[{"id":182,"href":"https:\/\/wood-run.tv\/index.php\/wp-json\/wp\/v2\/pages\/51\/revisions\/182"}],"wp:featuredmedia":[{"embeddable":true,"href":"https:\/\/wood-run.tv\/index.php\/wp-json\/wp\/v2\/media\/115"}],"wp:attachment":[{"href":"https:\/\/wood-run.tv\/index.php\/wp-json\/wp\/v2\/media?parent=51"}],"curies":[{"name":"wp","href":"https:\/\/api.w.org\/{rel}","templated":true}]}}